{"id":58110,"date":"2021-03-11T13:38:36","date_gmt":"2021-03-11T12:38:36","guid":{"rendered":"https:\/\/mieszkaj.skanska.pl\/service-premises\/"},"modified":"2025-02-26T09:42:46","modified_gmt":"2025-02-26T08:42:46","slug":"commercial-units","status":"publish","type":"page","link":"https:\/\/mieszkaj.skanska.pl\/en\/commercial-units\/","title":{"rendered":"Commercial units"},"content":{"rendered":"","protected":false},"excerpt":{"rendered":"","protected":false},"author":1,"featured_media":0,"parent":0,"menu_order":9,"comment_status":"closed","ping_status":"closed","template":"views\/template-locals.blade.php","meta":{"_acf_changed":false,"footnotes":""},"acf":[],"yoast_head":"<!-- This site is optimized with the Yoast SEO plugin v21.7 - https:\/\/yoast.com\/wordpress\/plugins\/seo\/ -->\n<title>Lokale us\u0142ugowe - Deweloper Skanska<\/title>\n<meta name=\"description\" content=\"Poznaj nasze lokale us\u0142ugowe, kt\u00f3re s\u0105 budowane z najwy\u017csz\u0105 dok\u0142adno\u015bci\u0105 i staranno\u015bci\u0105, a przy tym w spos\u00f3b przyjazny dla \u015brodowiska!\" \/>\n<meta name=\"robots\" content=\"index, follow, max-snippet:-1, max-image-preview:large, max-video-preview:-1\" \/>\n<link rel=\"canonical\" href=\"https:\/\/mieszkaj.skanska.pl\/en\/commercial-units\/\" \/>\n<meta property=\"og:locale\" content=\"en_US\" \/>\n<meta property=\"og:type\" content=\"article\" \/>\n<meta property=\"og:title\" content=\"Lokale us\u0142ugowe - Deweloper Skanska\" \/>\n<meta property=\"og:description\" content=\"Poznaj nasze lokale us\u0142ugowe, kt\u00f3re s\u0105 budowane z najwy\u017csz\u0105 dok\u0142adno\u015bci\u0105 i staranno\u015bci\u0105, a przy tym w spos\u00f3b przyjazny dla \u015brodowiska!\" \/>\n<meta property=\"og:url\" content=\"https:\/\/mieszkaj.skanska.pl\/en\/commercial-units\/\" \/>\n<meta property=\"og:site_name\" content=\"Skanska\" \/>\n<meta property=\"article:modified_time\" content=\"2025-02-26T08:42:46+00:00\" \/>\n<meta name=\"twitter:card\" content=\"summary_large_image\" \/>\n<script type=\"application\/ld+json\" class=\"yoast-schema-graph\">{\"@context\":\"https:\/\/schema.org\",\"@graph\":[{\"@type\":\"WebPage\",\"@id\":\"https:\/\/mieszkaj.skanska.pl\/en\/commercial-units\/\",\"url\":\"https:\/\/mieszkaj.skanska.pl\/en\/commercial-units\/\",\"name\":\"Lokale us\u0142ugowe - Deweloper Skanska\",\"isPartOf\":{\"@id\":\"https:\/\/mieszkaj.skanska.pl\/#website\"},\"datePublished\":\"2021-03-11T12:38:36+00:00\",\"dateModified\":\"2025-02-26T08:42:46+00:00\",\"description\":\"Poznaj nasze lokale us\u0142ugowe, kt\u00f3re s\u0105 budowane z najwy\u017csz\u0105 dok\u0142adno\u015bci\u0105 i staranno\u015bci\u0105, a przy tym w spos\u00f3b przyjazny dla \u015brodowiska!\",\"breadcrumb\":{\"@id\":\"https:\/\/mieszkaj.skanska.pl\/en\/commercial-units\/#breadcrumb\"},\"inLanguage\":\"en-US\",\"potentialAction\":[{\"@type\":\"ReadAction\",\"target\":[\"https:\/\/mieszkaj.skanska.pl\/en\/commercial-units\/\"]}]},{\"@type\":\"BreadcrumbList\",\"@id\":\"https:\/\/mieszkaj.skanska.pl\/en\/commercial-units\/#breadcrumb\",\"itemListElement\":[{\"@type\":\"ListItem\",\"position\":1,\"name\":\"Home\",\"item\":\"https:\/\/mieszkaj.skanska.pl\/en\/\"},{\"@type\":\"ListItem\",\"position\":2,\"name\":\"Commercial units\"}]},{\"@type\":\"WebSite\",\"@id\":\"https:\/\/mieszkaj.skanska.pl\/#website\",\"url\":\"https:\/\/mieszkaj.skanska.pl\/\",\"name\":\"Skanska\",\"description\":\"skanska\",\"potentialAction\":[{\"@type\":\"SearchAction\",\"target\":{\"@type\":\"EntryPoint\",\"urlTemplate\":\"https:\/\/mieszkaj.skanska.pl\/?s={search_term_string}\"},\"query-input\":\"required name=search_term_string\"}],\"inLanguage\":\"en-US\"}]}<\/script>\n<!-- \/ Yoast SEO plugin. -->","yoast_head_json":{"title":"Lokale us\u0142ugowe - Deweloper Skanska","description":"Poznaj nasze lokale us\u0142ugowe, kt\u00f3re s\u0105 budowane z najwy\u017csz\u0105 dok\u0142adno\u015bci\u0105 i staranno\u015bci\u0105, a przy tym w spos\u00f3b przyjazny dla \u015brodowiska!","robots":{"index":"index","follow":"follow","max-snippet":"max-snippet:-1","max-image-preview":"max-image-preview:large","max-video-preview":"max-video-preview:-1"},"canonical":"https:\/\/mieszkaj.skanska.pl\/en\/commercial-units\/","og_locale":"en_US","og_type":"article","og_title":"Lokale us\u0142ugowe - Deweloper Skanska","og_description":"Poznaj nasze lokale us\u0142ugowe, kt\u00f3re s\u0105 budowane z najwy\u017csz\u0105 dok\u0142adno\u015bci\u0105 i staranno\u015bci\u0105, a przy tym w spos\u00f3b przyjazny dla \u015brodowiska!","og_url":"https:\/\/mieszkaj.skanska.pl\/en\/commercial-units\/","og_site_name":"Skanska","article_modified_time":"2025-02-26T08:42:46+00:00","twitter_card":"summary_large_image","schema":{"@context":"https:\/\/schema.org","@graph":[{"@type":"WebPage","@id":"https:\/\/mieszkaj.skanska.pl\/en\/commercial-units\/","url":"https:\/\/mieszkaj.skanska.pl\/en\/commercial-units\/","name":"Lokale us\u0142ugowe - Deweloper Skanska","isPartOf":{"@id":"https:\/\/mieszkaj.skanska.pl\/#website"},"datePublished":"2021-03-11T12:38:36+00:00","dateModified":"2025-02-26T08:42:46+00:00","description":"Poznaj nasze lokale us\u0142ugowe, kt\u00f3re s\u0105 budowane z najwy\u017csz\u0105 dok\u0142adno\u015bci\u0105 i staranno\u015bci\u0105, a przy tym w spos\u00f3b przyjazny dla \u015brodowiska!","breadcrumb":{"@id":"https:\/\/mieszkaj.skanska.pl\/en\/commercial-units\/#breadcrumb"},"inLanguage":"en-US","potentialAction":[{"@type":"ReadAction","target":["https:\/\/mieszkaj.skanska.pl\/en\/commercial-units\/"]}]},{"@type":"BreadcrumbList","@id":"https:\/\/mieszkaj.skanska.pl\/en\/commercial-units\/#breadcrumb","itemListElement":[{"@type":"ListItem","position":1,"name":"Home","item":"https:\/\/mieszkaj.skanska.pl\/en\/"},{"@type":"ListItem","position":2,"name":"Commercial units"}]},{"@type":"WebSite","@id":"https:\/\/mieszkaj.skanska.pl\/#website","url":"https:\/\/mieszkaj.skanska.pl\/","name":"Skanska","description":"skanska","potentialAction":[{"@type":"SearchAction","target":{"@type":"EntryPoint","urlTemplate":"https:\/\/mieszkaj.skanska.pl\/?s={search_term_string}"},"query-input":"required name=search_term_string"}],"inLanguage":"en-US"}]}},"_links":{"self":[{"href":"https:\/\/mieszkaj.skanska.pl\/en\/wp-json\/wp\/v2\/pages\/58110"}],"collection":[{"href":"https:\/\/mieszkaj.skanska.pl\/en\/wp-json\/wp\/v2\/pages"}],"about":[{"href":"https:\/\/mieszkaj.skanska.pl\/en\/wp-json\/wp\/v2\/types\/page"}],"author":[{"embeddable":true,"href":"https:\/\/mieszkaj.skanska.pl\/en\/wp-json\/wp\/v2\/users\/1"}],"replies":[{"embeddable":true,"href":"https:\/\/mieszkaj.skanska.pl\/en\/wp-json\/wp\/v2\/comments?post=58110"}],"version-history":[{"count":2,"href":"https:\/\/mieszkaj.skanska.pl\/en\/wp-json\/wp\/v2\/pages\/58110\/revisions"}],"predecessor-version":[{"id":58113,"href":"https:\/\/mieszkaj.skanska.pl\/en\/wp-json\/wp\/v2\/pages\/58110\/revisions\/58113"}],"wp:attachment":[{"href":"https:\/\/mieszkaj.skanska.pl\/en\/wp-json\/wp\/v2\/media?parent=58110"}],"curies":[{"name":"wp","href":"https:\/\/api.w.org\/{rel}","templated":true}]}}