{"id":60077,"date":"2021-03-03T13:36:34","date_gmt":"2021-03-03T12:36:34","guid":{"rendered":"https:\/\/mieszkaj.skanska.pl\/kontakt\/"},"modified":"2026-03-18T09:22:52","modified_gmt":"2026-03-18T08:22:52","slug":"contact-us","status":"publish","type":"page","link":"https:\/\/mieszkaj.skanska.pl\/en\/contact-us\/","title":{"rendered":"Contact Us"},"content":{"rendered":"","protected":false},"excerpt":{"rendered":"","protected":false},"author":1,"featured_media":0,"parent":0,"menu_order":6,"comment_status":"closed","ping_status":"closed","template":"views\/template-flexible-content.blade.php","meta":{"_acf_changed":false,"footnotes":""},"acf":[],"yoast_head":"<!-- This site is optimized with the Yoast SEO plugin v21.7 - https:\/\/yoast.com\/wordpress\/plugins\/seo\/ -->\n<title>Kontakt z nami - Deweloper Skanska<\/title>\n<meta name=\"description\" content=\"Serdecznie zach\u0119camy do kontaktu w razie jakichkolwiek pyta\u0144 zwi\u0105zanych z nasz\u0105 dzia\u0142alno\u015bci\u0105.\" \/>\n<meta name=\"robots\" content=\"index, follow, max-snippet:-1, max-image-preview:large, max-video-preview:-1\" \/>\n<link rel=\"canonical\" href=\"https:\/\/mieszkaj.skanska.pl\/en\/contact-us\/\" \/>\n<meta property=\"og:locale\" content=\"en_US\" \/>\n<meta property=\"og:type\" content=\"article\" \/>\n<meta property=\"og:title\" content=\"Kontakt z nami - Deweloper Skanska\" \/>\n<meta property=\"og:description\" content=\"Serdecznie zach\u0119camy do kontaktu w razie jakichkolwiek pyta\u0144 zwi\u0105zanych z nasz\u0105 dzia\u0142alno\u015bci\u0105.\" \/>\n<meta property=\"og:url\" content=\"https:\/\/mieszkaj.skanska.pl\/en\/contact-us\/\" \/>\n<meta property=\"og:site_name\" content=\"Skanska\" \/>\n<meta property=\"article:modified_time\" content=\"2026-03-18T08:22:52+00:00\" \/>\n<meta name=\"twitter:card\" content=\"summary_large_image\" \/>\n<script type=\"application\/ld+json\" class=\"yoast-schema-graph\">{\"@context\":\"https:\/\/schema.org\",\"@graph\":[{\"@type\":\"WebPage\",\"@id\":\"https:\/\/mieszkaj.skanska.pl\/en\/contact-us\/\",\"url\":\"https:\/\/mieszkaj.skanska.pl\/en\/contact-us\/\",\"name\":\"Kontakt z nami - Deweloper Skanska\",\"isPartOf\":{\"@id\":\"https:\/\/mieszkaj.skanska.pl\/#website\"},\"datePublished\":\"2021-03-03T12:36:34+00:00\",\"dateModified\":\"2026-03-18T08:22:52+00:00\",\"description\":\"Serdecznie zach\u0119camy do kontaktu w razie jakichkolwiek pyta\u0144 zwi\u0105zanych z nasz\u0105 dzia\u0142alno\u015bci\u0105.\",\"breadcrumb\":{\"@id\":\"https:\/\/mieszkaj.skanska.pl\/en\/contact-us\/#breadcrumb\"},\"inLanguage\":\"en-US\",\"potentialAction\":[{\"@type\":\"ReadAction\",\"target\":[\"https:\/\/mieszkaj.skanska.pl\/en\/contact-us\/\"]}]},{\"@type\":\"BreadcrumbList\",\"@id\":\"https:\/\/mieszkaj.skanska.pl\/en\/contact-us\/#breadcrumb\",\"itemListElement\":[{\"@type\":\"ListItem\",\"position\":1,\"name\":\"Home\",\"item\":\"https:\/\/mieszkaj.skanska.pl\/en\/\"},{\"@type\":\"ListItem\",\"position\":2,\"name\":\"Contact Us\"}]},{\"@type\":\"WebSite\",\"@id\":\"https:\/\/mieszkaj.skanska.pl\/#website\",\"url\":\"https:\/\/mieszkaj.skanska.pl\/\",\"name\":\"Skanska\",\"description\":\"skanska\",\"potentialAction\":[{\"@type\":\"SearchAction\",\"target\":{\"@type\":\"EntryPoint\",\"urlTemplate\":\"https:\/\/mieszkaj.skanska.pl\/?s={search_term_string}\"},\"query-input\":\"required name=search_term_string\"}],\"inLanguage\":\"en-US\"}]}<\/script>\n<!-- \/ Yoast SEO plugin. -->","yoast_head_json":{"title":"Kontakt z nami - Deweloper Skanska","description":"Serdecznie zach\u0119camy do kontaktu w razie jakichkolwiek pyta\u0144 zwi\u0105zanych z nasz\u0105 dzia\u0142alno\u015bci\u0105.","robots":{"index":"index","follow":"follow","max-snippet":"max-snippet:-1","max-image-preview":"max-image-preview:large","max-video-preview":"max-video-preview:-1"},"canonical":"https:\/\/mieszkaj.skanska.pl\/en\/contact-us\/","og_locale":"en_US","og_type":"article","og_title":"Kontakt z nami - Deweloper Skanska","og_description":"Serdecznie zach\u0119camy do kontaktu w razie jakichkolwiek pyta\u0144 zwi\u0105zanych z nasz\u0105 dzia\u0142alno\u015bci\u0105.","og_url":"https:\/\/mieszkaj.skanska.pl\/en\/contact-us\/","og_site_name":"Skanska","article_modified_time":"2026-03-18T08:22:52+00:00","twitter_card":"summary_large_image","schema":{"@context":"https:\/\/schema.org","@graph":[{"@type":"WebPage","@id":"https:\/\/mieszkaj.skanska.pl\/en\/contact-us\/","url":"https:\/\/mieszkaj.skanska.pl\/en\/contact-us\/","name":"Kontakt z nami - Deweloper Skanska","isPartOf":{"@id":"https:\/\/mieszkaj.skanska.pl\/#website"},"datePublished":"2021-03-03T12:36:34+00:00","dateModified":"2026-03-18T08:22:52+00:00","description":"Serdecznie zach\u0119camy do kontaktu w razie jakichkolwiek pyta\u0144 zwi\u0105zanych z nasz\u0105 dzia\u0142alno\u015bci\u0105.","breadcrumb":{"@id":"https:\/\/mieszkaj.skanska.pl\/en\/contact-us\/#breadcrumb"},"inLanguage":"en-US","potentialAction":[{"@type":"ReadAction","target":["https:\/\/mieszkaj.skanska.pl\/en\/contact-us\/"]}]},{"@type":"BreadcrumbList","@id":"https:\/\/mieszkaj.skanska.pl\/en\/contact-us\/#breadcrumb","itemListElement":[{"@type":"ListItem","position":1,"name":"Home","item":"https:\/\/mieszkaj.skanska.pl\/en\/"},{"@type":"ListItem","position":2,"name":"Contact Us"}]},{"@type":"WebSite","@id":"https:\/\/mieszkaj.skanska.pl\/#website","url":"https:\/\/mieszkaj.skanska.pl\/","name":"Skanska","description":"skanska","potentialAction":[{"@type":"SearchAction","target":{"@type":"EntryPoint","urlTemplate":"https:\/\/mieszkaj.skanska.pl\/?s={search_term_string}"},"query-input":"required name=search_term_string"}],"inLanguage":"en-US"}]}},"_links":{"self":[{"href":"https:\/\/mieszkaj.skanska.pl\/en\/wp-json\/wp\/v2\/pages\/60077"}],"collection":[{"href":"https:\/\/mieszkaj.skanska.pl\/en\/wp-json\/wp\/v2\/pages"}],"about":[{"href":"https:\/\/mieszkaj.skanska.pl\/en\/wp-json\/wp\/v2\/types\/page"}],"author":[{"embeddable":true,"href":"https:\/\/mieszkaj.skanska.pl\/en\/wp-json\/wp\/v2\/users\/1"}],"replies":[{"embeddable":true,"href":"https:\/\/mieszkaj.skanska.pl\/en\/wp-json\/wp\/v2\/comments?post=60077"}],"version-history":[{"count":7,"href":"https:\/\/mieszkaj.skanska.pl\/en\/wp-json\/wp\/v2\/pages\/60077\/revisions"}],"predecessor-version":[{"id":68191,"href":"https:\/\/mieszkaj.skanska.pl\/en\/wp-json\/wp\/v2\/pages\/60077\/revisions\/68191"}],"wp:attachment":[{"href":"https:\/\/mieszkaj.skanska.pl\/en\/wp-json\/wp\/v2\/media?parent=60077"}],"curies":[{"name":"wp","href":"https:\/\/api.w.org\/{rel}","templated":true}]}}