{"id":58095,"date":"2021-03-08T11:51:13","date_gmt":"2021-03-08T10:51:13","guid":{"rendered":"https:\/\/mieszkaj.skanska.pl\/lista-mieszkan\/"},"modified":"2025-02-26T10:15:52","modified_gmt":"2025-02-26T09:15:52","slug":"lista-mieszkan","status":"publish","type":"page","link":"https:\/\/mieszkaj.skanska.pl\/uk\/lista-mieszkan\/","title":{"rendered":"\u041f\u0435\u0440\u0435\u043b\u0456\u043a \u043a\u0432\u0430\u0440\u0442\u0438\u0440"},"content":{"rendered":"","protected":false},"excerpt":{"rendered":"","protected":false},"author":1,"featured_media":0,"parent":0,"menu_order":7,"comment_status":"closed","ping_status":"closed","template":"views\/template-apartments.blade.php","meta":{"_acf_changed":false,"footnotes":""},"acf":[],"yoast_head":"<!-- This site is optimized with the Yoast SEO plugin v21.7 - https:\/\/yoast.com\/wordpress\/plugins\/seo\/ -->\n<title>Lista oferowanych mieszka\u0144 - Deweloper Skanska<\/title>\n<meta name=\"description\" content=\"W momencie poszukiwania nowego mieszkania gor\u0105co zach\u0119camy do skorzystania z obszernej listy, kt\u00f3ra przedstawia wszystkie nasze aktualne oferty.\" \/>\n<meta name=\"robots\" content=\"index, follow, max-snippet:-1, max-image-preview:large, max-video-preview:-1\" \/>\n<link rel=\"canonical\" href=\"https:\/\/mieszkaj.skanska.pl\/uk\/lista-mieszkan\/\" \/>\n<meta property=\"og:locale\" content=\"uk_UA\" \/>\n<meta property=\"og:type\" content=\"article\" \/>\n<meta property=\"og:title\" content=\"Lista oferowanych mieszka\u0144 - Deweloper Skanska\" \/>\n<meta property=\"og:description\" content=\"W momencie poszukiwania nowego mieszkania gor\u0105co zach\u0119camy do skorzystania z obszernej listy, kt\u00f3ra przedstawia wszystkie nasze aktualne oferty.\" \/>\n<meta property=\"og:url\" content=\"https:\/\/mieszkaj.skanska.pl\/uk\/lista-mieszkan\/\" \/>\n<meta property=\"og:site_name\" content=\"Skanska\" \/>\n<meta property=\"article:modified_time\" content=\"2025-02-26T09:15:52+00:00\" \/>\n<meta name=\"twitter:card\" content=\"summary_large_image\" \/>\n<script type=\"application\/ld+json\" class=\"yoast-schema-graph\">{\"@context\":\"https:\/\/schema.org\",\"@graph\":[{\"@type\":\"WebPage\",\"@id\":\"https:\/\/mieszkaj.skanska.pl\/uk\/lista-mieszkan\/\",\"url\":\"https:\/\/mieszkaj.skanska.pl\/uk\/lista-mieszkan\/\",\"name\":\"Lista oferowanych mieszka\u0144 - Deweloper Skanska\",\"isPartOf\":{\"@id\":\"https:\/\/mieszkaj.skanska.pl\/#website\"},\"datePublished\":\"2021-03-08T10:51:13+00:00\",\"dateModified\":\"2025-02-26T09:15:52+00:00\",\"description\":\"W momencie poszukiwania nowego mieszkania gor\u0105co zach\u0119camy do skorzystania z obszernej listy, kt\u00f3ra przedstawia wszystkie nasze aktualne oferty.\",\"breadcrumb\":{\"@id\":\"https:\/\/mieszkaj.skanska.pl\/uk\/lista-mieszkan\/#breadcrumb\"},\"inLanguage\":\"uk\",\"potentialAction\":[{\"@type\":\"ReadAction\",\"target\":[\"https:\/\/mieszkaj.skanska.pl\/uk\/lista-mieszkan\/\"]}]},{\"@type\":\"BreadcrumbList\",\"@id\":\"https:\/\/mieszkaj.skanska.pl\/uk\/lista-mieszkan\/#breadcrumb\",\"itemListElement\":[{\"@type\":\"ListItem\",\"position\":1,\"name\":\"Home\",\"item\":\"https:\/\/mieszkaj.skanska.pl\/uk\/\"},{\"@type\":\"ListItem\",\"position\":2,\"name\":\"\u041f\u0435\u0440\u0435\u043b\u0456\u043a \u043a\u0432\u0430\u0440\u0442\u0438\u0440\"}]},{\"@type\":\"WebSite\",\"@id\":\"https:\/\/mieszkaj.skanska.pl\/#website\",\"url\":\"https:\/\/mieszkaj.skanska.pl\/\",\"name\":\"Skanska\",\"description\":\"skanska\",\"potentialAction\":[{\"@type\":\"SearchAction\",\"target\":{\"@type\":\"EntryPoint\",\"urlTemplate\":\"https:\/\/mieszkaj.skanska.pl\/?s={search_term_string}\"},\"query-input\":\"required name=search_term_string\"}],\"inLanguage\":\"uk\"}]}<\/script>\n<!-- \/ Yoast SEO plugin. -->","yoast_head_json":{"title":"Lista oferowanych mieszka\u0144 - Deweloper Skanska","description":"W momencie poszukiwania nowego mieszkania gor\u0105co zach\u0119camy do skorzystania z obszernej listy, kt\u00f3ra przedstawia wszystkie nasze aktualne oferty.","robots":{"index":"index","follow":"follow","max-snippet":"max-snippet:-1","max-image-preview":"max-image-preview:large","max-video-preview":"max-video-preview:-1"},"canonical":"https:\/\/mieszkaj.skanska.pl\/uk\/lista-mieszkan\/","og_locale":"uk_UA","og_type":"article","og_title":"Lista oferowanych mieszka\u0144 - Deweloper Skanska","og_description":"W momencie poszukiwania nowego mieszkania gor\u0105co zach\u0119camy do skorzystania z obszernej listy, kt\u00f3ra przedstawia wszystkie nasze aktualne oferty.","og_url":"https:\/\/mieszkaj.skanska.pl\/uk\/lista-mieszkan\/","og_site_name":"Skanska","article_modified_time":"2025-02-26T09:15:52+00:00","twitter_card":"summary_large_image","schema":{"@context":"https:\/\/schema.org","@graph":[{"@type":"WebPage","@id":"https:\/\/mieszkaj.skanska.pl\/uk\/lista-mieszkan\/","url":"https:\/\/mieszkaj.skanska.pl\/uk\/lista-mieszkan\/","name":"Lista oferowanych mieszka\u0144 - Deweloper Skanska","isPartOf":{"@id":"https:\/\/mieszkaj.skanska.pl\/#website"},"datePublished":"2021-03-08T10:51:13+00:00","dateModified":"2025-02-26T09:15:52+00:00","description":"W momencie poszukiwania nowego mieszkania gor\u0105co zach\u0119camy do skorzystania z obszernej listy, kt\u00f3ra przedstawia wszystkie nasze aktualne oferty.","breadcrumb":{"@id":"https:\/\/mieszkaj.skanska.pl\/uk\/lista-mieszkan\/#breadcrumb"},"inLanguage":"uk","potentialAction":[{"@type":"ReadAction","target":["https:\/\/mieszkaj.skanska.pl\/uk\/lista-mieszkan\/"]}]},{"@type":"BreadcrumbList","@id":"https:\/\/mieszkaj.skanska.pl\/uk\/lista-mieszkan\/#breadcrumb","itemListElement":[{"@type":"ListItem","position":1,"name":"Home","item":"https:\/\/mieszkaj.skanska.pl\/uk\/"},{"@type":"ListItem","position":2,"name":"\u041f\u0435\u0440\u0435\u043b\u0456\u043a \u043a\u0432\u0430\u0440\u0442\u0438\u0440"}]},{"@type":"WebSite","@id":"https:\/\/mieszkaj.skanska.pl\/#website","url":"https:\/\/mieszkaj.skanska.pl\/","name":"Skanska","description":"skanska","potentialAction":[{"@type":"SearchAction","target":{"@type":"EntryPoint","urlTemplate":"https:\/\/mieszkaj.skanska.pl\/?s={search_term_string}"},"query-input":"required name=search_term_string"}],"inLanguage":"uk"}]}},"_links":{"self":[{"href":"https:\/\/mieszkaj.skanska.pl\/uk\/wp-json\/wp\/v2\/pages\/58095"}],"collection":[{"href":"https:\/\/mieszkaj.skanska.pl\/uk\/wp-json\/wp\/v2\/pages"}],"about":[{"href":"https:\/\/mieszkaj.skanska.pl\/uk\/wp-json\/wp\/v2\/types\/page"}],"author":[{"embeddable":true,"href":"https:\/\/mieszkaj.skanska.pl\/uk\/wp-json\/wp\/v2\/users\/1"}],"replies":[{"embeddable":true,"href":"https:\/\/mieszkaj.skanska.pl\/uk\/wp-json\/wp\/v2\/comments?post=58095"}],"version-history":[{"count":1,"href":"https:\/\/mieszkaj.skanska.pl\/uk\/wp-json\/wp\/v2\/pages\/58095\/revisions"}],"predecessor-version":[{"id":58173,"href":"https:\/\/mieszkaj.skanska.pl\/uk\/wp-json\/wp\/v2\/pages\/58095\/revisions\/58173"}],"wp:attachment":[{"href":"https:\/\/mieszkaj.skanska.pl\/uk\/wp-json\/wp\/v2\/media?parent=58095"}],"curies":[{"name":"wp","href":"https:\/\/api.w.org\/{rel}","templated":true}]}}