{"id":60493,"date":"2021-03-17T18:12:10","date_gmt":"2021-03-17T17:12:10","guid":{"rendered":"https:\/\/mieszkaj.skanska.pl\/dane-spolki\/"},"modified":"2025-04-28T15:36:20","modified_gmt":"2025-04-28T13:36:20","slug":"dane-spolki","status":"publish","type":"page","link":"https:\/\/mieszkaj.skanska.pl\/uk\/dane-spolki\/","title":{"rendered":"\u0420\u0435\u043a\u0432\u0456\u0437\u0438\u0442\u0438 \u043a\u043e\u043c\u043f\u0430\u043d\u0456\u0457"},"content":{"rendered":"","protected":false},"excerpt":{"rendered":"","protected":false},"author":1,"featured_media":0,"parent":0,"menu_order":3,"comment_status":"closed","ping_status":"closed","template":"views\/template-flexible-content.blade.php","meta":{"_acf_changed":false,"footnotes":""},"acf":[],"yoast_head":"<!-- This site is optimized with the Yoast SEO plugin v21.7 - https:\/\/yoast.com\/wordpress\/plugins\/seo\/ -->\n<title>Dane sp\u00f3\u0142ki - Deweloper Skanska<\/title>\n<meta name=\"description\" content=\"Przedstawiamy klarowne, najwa\u017cniejsze informacje na temat naszej sp\u00f3\u0142ki.\" \/>\n<meta name=\"robots\" content=\"index, follow, max-snippet:-1, max-image-preview:large, max-video-preview:-1\" \/>\n<link rel=\"canonical\" href=\"https:\/\/mieszkaj.skanska.pl\/uk\/dane-spolki\/\" \/>\n<meta property=\"og:locale\" content=\"uk_UA\" \/>\n<meta property=\"og:type\" content=\"article\" \/>\n<meta property=\"og:title\" content=\"Dane sp\u00f3\u0142ki - Deweloper Skanska\" \/>\n<meta property=\"og:description\" content=\"Przedstawiamy klarowne, najwa\u017cniejsze informacje na temat naszej sp\u00f3\u0142ki.\" \/>\n<meta property=\"og:url\" content=\"https:\/\/mieszkaj.skanska.pl\/uk\/dane-spolki\/\" \/>\n<meta property=\"og:site_name\" content=\"Skanska\" \/>\n<meta property=\"article:modified_time\" content=\"2025-04-28T13:36:20+00:00\" \/>\n<meta name=\"twitter:card\" content=\"summary_large_image\" \/>\n<script type=\"application\/ld+json\" class=\"yoast-schema-graph\">{\"@context\":\"https:\/\/schema.org\",\"@graph\":[{\"@type\":\"WebPage\",\"@id\":\"https:\/\/mieszkaj.skanska.pl\/uk\/dane-spolki\/\",\"url\":\"https:\/\/mieszkaj.skanska.pl\/uk\/dane-spolki\/\",\"name\":\"Dane sp\u00f3\u0142ki - Deweloper Skanska\",\"isPartOf\":{\"@id\":\"https:\/\/mieszkaj.skanska.pl\/#website\"},\"datePublished\":\"2021-03-17T17:12:10+00:00\",\"dateModified\":\"2025-04-28T13:36:20+00:00\",\"description\":\"Przedstawiamy klarowne, najwa\u017cniejsze informacje na temat naszej sp\u00f3\u0142ki.\",\"breadcrumb\":{\"@id\":\"https:\/\/mieszkaj.skanska.pl\/uk\/dane-spolki\/#breadcrumb\"},\"inLanguage\":\"uk\",\"potentialAction\":[{\"@type\":\"ReadAction\",\"target\":[\"https:\/\/mieszkaj.skanska.pl\/uk\/dane-spolki\/\"]}]},{\"@type\":\"BreadcrumbList\",\"@id\":\"https:\/\/mieszkaj.skanska.pl\/uk\/dane-spolki\/#breadcrumb\",\"itemListElement\":[{\"@type\":\"ListItem\",\"position\":1,\"name\":\"Home\",\"item\":\"https:\/\/mieszkaj.skanska.pl\/uk\/\"},{\"@type\":\"ListItem\",\"position\":2,\"name\":\"\u0420\u0435\u043a\u0432\u0456\u0437\u0438\u0442\u0438 \u043a\u043e\u043c\u043f\u0430\u043d\u0456\u0457\"}]},{\"@type\":\"WebSite\",\"@id\":\"https:\/\/mieszkaj.skanska.pl\/#website\",\"url\":\"https:\/\/mieszkaj.skanska.pl\/\",\"name\":\"Skanska\",\"description\":\"skanska\",\"potentialAction\":[{\"@type\":\"SearchAction\",\"target\":{\"@type\":\"EntryPoint\",\"urlTemplate\":\"https:\/\/mieszkaj.skanska.pl\/?s={search_term_string}\"},\"query-input\":\"required name=search_term_string\"}],\"inLanguage\":\"uk\"}]}<\/script>\n<!-- \/ Yoast SEO plugin. -->","yoast_head_json":{"title":"Dane sp\u00f3\u0142ki - Deweloper Skanska","description":"Przedstawiamy klarowne, najwa\u017cniejsze informacje na temat naszej sp\u00f3\u0142ki.","robots":{"index":"index","follow":"follow","max-snippet":"max-snippet:-1","max-image-preview":"max-image-preview:large","max-video-preview":"max-video-preview:-1"},"canonical":"https:\/\/mieszkaj.skanska.pl\/uk\/dane-spolki\/","og_locale":"uk_UA","og_type":"article","og_title":"Dane sp\u00f3\u0142ki - Deweloper Skanska","og_description":"Przedstawiamy klarowne, najwa\u017cniejsze informacje na temat naszej sp\u00f3\u0142ki.","og_url":"https:\/\/mieszkaj.skanska.pl\/uk\/dane-spolki\/","og_site_name":"Skanska","article_modified_time":"2025-04-28T13:36:20+00:00","twitter_card":"summary_large_image","schema":{"@context":"https:\/\/schema.org","@graph":[{"@type":"WebPage","@id":"https:\/\/mieszkaj.skanska.pl\/uk\/dane-spolki\/","url":"https:\/\/mieszkaj.skanska.pl\/uk\/dane-spolki\/","name":"Dane sp\u00f3\u0142ki - Deweloper Skanska","isPartOf":{"@id":"https:\/\/mieszkaj.skanska.pl\/#website"},"datePublished":"2021-03-17T17:12:10+00:00","dateModified":"2025-04-28T13:36:20+00:00","description":"Przedstawiamy klarowne, najwa\u017cniejsze informacje na temat naszej sp\u00f3\u0142ki.","breadcrumb":{"@id":"https:\/\/mieszkaj.skanska.pl\/uk\/dane-spolki\/#breadcrumb"},"inLanguage":"uk","potentialAction":[{"@type":"ReadAction","target":["https:\/\/mieszkaj.skanska.pl\/uk\/dane-spolki\/"]}]},{"@type":"BreadcrumbList","@id":"https:\/\/mieszkaj.skanska.pl\/uk\/dane-spolki\/#breadcrumb","itemListElement":[{"@type":"ListItem","position":1,"name":"Home","item":"https:\/\/mieszkaj.skanska.pl\/uk\/"},{"@type":"ListItem","position":2,"name":"\u0420\u0435\u043a\u0432\u0456\u0437\u0438\u0442\u0438 \u043a\u043e\u043c\u043f\u0430\u043d\u0456\u0457"}]},{"@type":"WebSite","@id":"https:\/\/mieszkaj.skanska.pl\/#website","url":"https:\/\/mieszkaj.skanska.pl\/","name":"Skanska","description":"skanska","potentialAction":[{"@type":"SearchAction","target":{"@type":"EntryPoint","urlTemplate":"https:\/\/mieszkaj.skanska.pl\/?s={search_term_string}"},"query-input":"required name=search_term_string"}],"inLanguage":"uk"}]}},"_links":{"self":[{"href":"https:\/\/mieszkaj.skanska.pl\/uk\/wp-json\/wp\/v2\/pages\/60493"}],"collection":[{"href":"https:\/\/mieszkaj.skanska.pl\/uk\/wp-json\/wp\/v2\/pages"}],"about":[{"href":"https:\/\/mieszkaj.skanska.pl\/uk\/wp-json\/wp\/v2\/types\/page"}],"author":[{"embeddable":true,"href":"https:\/\/mieszkaj.skanska.pl\/uk\/wp-json\/wp\/v2\/users\/1"}],"replies":[{"embeddable":true,"href":"https:\/\/mieszkaj.skanska.pl\/uk\/wp-json\/wp\/v2\/comments?post=60493"}],"version-history":[{"count":2,"href":"https:\/\/mieszkaj.skanska.pl\/uk\/wp-json\/wp\/v2\/pages\/60493\/revisions"}],"predecessor-version":[{"id":60495,"href":"https:\/\/mieszkaj.skanska.pl\/uk\/wp-json\/wp\/v2\/pages\/60493\/revisions\/60495"}],"wp:attachment":[{"href":"https:\/\/mieszkaj.skanska.pl\/uk\/wp-json\/wp\/v2\/media?parent=60493"}],"curies":[{"name":"wp","href":"https:\/\/api.w.org\/{rel}","templated":true}]}}