{"id":60642,"date":"2021-03-11T22:20:34","date_gmt":"2021-03-11T21:20:34","guid":{"rendered":"https:\/\/mieszkaj.skanska.pl\/zaangazowanie-spoleczne\/"},"modified":"2025-04-28T17:23:39","modified_gmt":"2025-04-28T15:23:39","slug":"zaangazowanie-spoleczne","status":"publish","type":"page","link":"https:\/\/mieszkaj.skanska.pl\/uk\/zaangazowanie-spoleczne\/","title":{"rendered":"\u0421\u043e\u0446\u0456\u0430\u043b\u044c\u043d\u0430 \u0432\u0456\u0434\u043f\u043e\u0432\u0456\u0434\u0430\u043b\u044c\u043d\u0456\u0441\u0442\u044c"},"content":{"rendered":"","protected":false},"excerpt":{"rendered":"","protected":false},"author":1,"featured_media":0,"parent":0,"menu_order":0,"comment_status":"closed","ping_status":"closed","template":"views\/template-flexible-content.blade.php","meta":{"_acf_changed":false,"footnotes":""},"acf":[],"yoast_head":"<!-- This site is optimized with the Yoast SEO plugin v21.7 - https:\/\/yoast.com\/wordpress\/plugins\/seo\/ -->\n<title>Zaanga\u017cowanie spo\u0142eczne - Deweloper Skanska<\/title>\n<meta name=\"description\" content=\"Od wielu lat wyznaczamy trendy w prowadzeniu biznesu s\u0142u\u017c\u0105cego spo\u0142ecze\u0144stwu. Dowiedz si\u0119 jakie czynniki na to wp\u0142ywaj\u0105 i co nami kieruje!\" \/>\n<meta name=\"robots\" content=\"index, follow, max-snippet:-1, max-image-preview:large, max-video-preview:-1\" \/>\n<link rel=\"canonical\" href=\"https:\/\/mieszkaj.skanska.pl\/uk\/zaangazowanie-spoleczne\/\" \/>\n<meta property=\"og:locale\" content=\"uk_UA\" \/>\n<meta property=\"og:type\" content=\"article\" \/>\n<meta property=\"og:title\" content=\"Zaanga\u017cowanie spo\u0142eczne - Deweloper Skanska\" \/>\n<meta property=\"og:description\" content=\"Od wielu lat wyznaczamy trendy w prowadzeniu biznesu s\u0142u\u017c\u0105cego spo\u0142ecze\u0144stwu. Dowiedz si\u0119 jakie czynniki na to wp\u0142ywaj\u0105 i co nami kieruje!\" \/>\n<meta property=\"og:url\" content=\"https:\/\/mieszkaj.skanska.pl\/uk\/zaangazowanie-spoleczne\/\" \/>\n<meta property=\"og:site_name\" content=\"Skanska\" \/>\n<meta property=\"article:modified_time\" content=\"2025-04-28T15:23:39+00:00\" \/>\n<meta name=\"twitter:card\" content=\"summary_large_image\" \/>\n<script type=\"application\/ld+json\" class=\"yoast-schema-graph\">{\"@context\":\"https:\/\/schema.org\",\"@graph\":[{\"@type\":\"WebPage\",\"@id\":\"https:\/\/mieszkaj.skanska.pl\/uk\/zaangazowanie-spoleczne\/\",\"url\":\"https:\/\/mieszkaj.skanska.pl\/uk\/zaangazowanie-spoleczne\/\",\"name\":\"Zaanga\u017cowanie spo\u0142eczne - Deweloper Skanska\",\"isPartOf\":{\"@id\":\"https:\/\/mieszkaj.skanska.pl\/#website\"},\"datePublished\":\"2021-03-11T21:20:34+00:00\",\"dateModified\":\"2025-04-28T15:23:39+00:00\",\"description\":\"Od wielu lat wyznaczamy trendy w prowadzeniu biznesu s\u0142u\u017c\u0105cego spo\u0142ecze\u0144stwu. Dowiedz si\u0119 jakie czynniki na to wp\u0142ywaj\u0105 i co nami kieruje!\",\"breadcrumb\":{\"@id\":\"https:\/\/mieszkaj.skanska.pl\/uk\/zaangazowanie-spoleczne\/#breadcrumb\"},\"inLanguage\":\"uk\",\"potentialAction\":[{\"@type\":\"ReadAction\",\"target\":[\"https:\/\/mieszkaj.skanska.pl\/uk\/zaangazowanie-spoleczne\/\"]}]},{\"@type\":\"BreadcrumbList\",\"@id\":\"https:\/\/mieszkaj.skanska.pl\/uk\/zaangazowanie-spoleczne\/#breadcrumb\",\"itemListElement\":[{\"@type\":\"ListItem\",\"position\":1,\"name\":\"Home\",\"item\":\"https:\/\/mieszkaj.skanska.pl\/uk\/\"},{\"@type\":\"ListItem\",\"position\":2,\"name\":\"\u0421\u043e\u0446\u0456\u0430\u043b\u044c\u043d\u0430 \u0432\u0456\u0434\u043f\u043e\u0432\u0456\u0434\u0430\u043b\u044c\u043d\u0456\u0441\u0442\u044c\"}]},{\"@type\":\"WebSite\",\"@id\":\"https:\/\/mieszkaj.skanska.pl\/#website\",\"url\":\"https:\/\/mieszkaj.skanska.pl\/\",\"name\":\"Skanska\",\"description\":\"skanska\",\"potentialAction\":[{\"@type\":\"SearchAction\",\"target\":{\"@type\":\"EntryPoint\",\"urlTemplate\":\"https:\/\/mieszkaj.skanska.pl\/?s={search_term_string}\"},\"query-input\":\"required name=search_term_string\"}],\"inLanguage\":\"uk\"}]}<\/script>\n<!-- \/ Yoast SEO plugin. -->","yoast_head_json":{"title":"Zaanga\u017cowanie spo\u0142eczne - Deweloper Skanska","description":"Od wielu lat wyznaczamy trendy w prowadzeniu biznesu s\u0142u\u017c\u0105cego spo\u0142ecze\u0144stwu. Dowiedz si\u0119 jakie czynniki na to wp\u0142ywaj\u0105 i co nami kieruje!","robots":{"index":"index","follow":"follow","max-snippet":"max-snippet:-1","max-image-preview":"max-image-preview:large","max-video-preview":"max-video-preview:-1"},"canonical":"https:\/\/mieszkaj.skanska.pl\/uk\/zaangazowanie-spoleczne\/","og_locale":"uk_UA","og_type":"article","og_title":"Zaanga\u017cowanie spo\u0142eczne - Deweloper Skanska","og_description":"Od wielu lat wyznaczamy trendy w prowadzeniu biznesu s\u0142u\u017c\u0105cego spo\u0142ecze\u0144stwu. Dowiedz si\u0119 jakie czynniki na to wp\u0142ywaj\u0105 i co nami kieruje!","og_url":"https:\/\/mieszkaj.skanska.pl\/uk\/zaangazowanie-spoleczne\/","og_site_name":"Skanska","article_modified_time":"2025-04-28T15:23:39+00:00","twitter_card":"summary_large_image","schema":{"@context":"https:\/\/schema.org","@graph":[{"@type":"WebPage","@id":"https:\/\/mieszkaj.skanska.pl\/uk\/zaangazowanie-spoleczne\/","url":"https:\/\/mieszkaj.skanska.pl\/uk\/zaangazowanie-spoleczne\/","name":"Zaanga\u017cowanie spo\u0142eczne - Deweloper Skanska","isPartOf":{"@id":"https:\/\/mieszkaj.skanska.pl\/#website"},"datePublished":"2021-03-11T21:20:34+00:00","dateModified":"2025-04-28T15:23:39+00:00","description":"Od wielu lat wyznaczamy trendy w prowadzeniu biznesu s\u0142u\u017c\u0105cego spo\u0142ecze\u0144stwu. Dowiedz si\u0119 jakie czynniki na to wp\u0142ywaj\u0105 i co nami kieruje!","breadcrumb":{"@id":"https:\/\/mieszkaj.skanska.pl\/uk\/zaangazowanie-spoleczne\/#breadcrumb"},"inLanguage":"uk","potentialAction":[{"@type":"ReadAction","target":["https:\/\/mieszkaj.skanska.pl\/uk\/zaangazowanie-spoleczne\/"]}]},{"@type":"BreadcrumbList","@id":"https:\/\/mieszkaj.skanska.pl\/uk\/zaangazowanie-spoleczne\/#breadcrumb","itemListElement":[{"@type":"ListItem","position":1,"name":"Home","item":"https:\/\/mieszkaj.skanska.pl\/uk\/"},{"@type":"ListItem","position":2,"name":"\u0421\u043e\u0446\u0456\u0430\u043b\u044c\u043d\u0430 \u0432\u0456\u0434\u043f\u043e\u0432\u0456\u0434\u0430\u043b\u044c\u043d\u0456\u0441\u0442\u044c"}]},{"@type":"WebSite","@id":"https:\/\/mieszkaj.skanska.pl\/#website","url":"https:\/\/mieszkaj.skanska.pl\/","name":"Skanska","description":"skanska","potentialAction":[{"@type":"SearchAction","target":{"@type":"EntryPoint","urlTemplate":"https:\/\/mieszkaj.skanska.pl\/?s={search_term_string}"},"query-input":"required name=search_term_string"}],"inLanguage":"uk"}]}},"_links":{"self":[{"href":"https:\/\/mieszkaj.skanska.pl\/uk\/wp-json\/wp\/v2\/pages\/60642"}],"collection":[{"href":"https:\/\/mieszkaj.skanska.pl\/uk\/wp-json\/wp\/v2\/pages"}],"about":[{"href":"https:\/\/mieszkaj.skanska.pl\/uk\/wp-json\/wp\/v2\/types\/page"}],"author":[{"embeddable":true,"href":"https:\/\/mieszkaj.skanska.pl\/uk\/wp-json\/wp\/v2\/users\/1"}],"replies":[{"embeddable":true,"href":"https:\/\/mieszkaj.skanska.pl\/uk\/wp-json\/wp\/v2\/comments?post=60642"}],"version-history":[{"count":2,"href":"https:\/\/mieszkaj.skanska.pl\/uk\/wp-json\/wp\/v2\/pages\/60642\/revisions"}],"predecessor-version":[{"id":60649,"href":"https:\/\/mieszkaj.skanska.pl\/uk\/wp-json\/wp\/v2\/pages\/60642\/revisions\/60649"}],"wp:attachment":[{"href":"https:\/\/mieszkaj.skanska.pl\/uk\/wp-json\/wp\/v2\/media?parent=60642"}],"curies":[{"name":"wp","href":"https:\/\/api.w.org\/{rel}","templated":true}]}}