{"id":60651,"date":"2021-03-11T14:36:08","date_gmt":"2021-03-11T13:36:08","guid":{"rendered":"https:\/\/mieszkaj.skanska.pl\/zmiany-lokatorskie\/"},"modified":"2025-04-28T17:27:19","modified_gmt":"2025-04-28T15:27:19","slug":"zmiany-lokatorskie","status":"publish","type":"page","link":"https:\/\/mieszkaj.skanska.pl\/uk\/zmiany-lokatorskie\/","title":{"rendered":"\u0417\u043c\u0456\u043d\u0438 \u0437\u0430 \u043f\u043e\u0431\u0430\u0436\u0430\u043d\u043d\u044f\u043c \u043c\u0435\u0448\u043a\u0430\u043d\u0446\u044f"},"content":{"rendered":"","protected":false},"excerpt":{"rendered":"","protected":false},"author":1,"featured_media":0,"parent":0,"menu_order":27,"comment_status":"closed","ping_status":"closed","template":"views\/template-flexible-content.blade.php","meta":{"_acf_changed":false,"footnotes":""},"acf":[],"yoast_head":"<!-- This site is optimized with the Yoast SEO plugin v21.7 - https:\/\/yoast.com\/wordpress\/plugins\/seo\/ -->\n<title>Zmiany lokatorskie - Deweloper Skanska<\/title>\n<meta name=\"description\" content=\"Zapraszamy do zapoznania si\u0119 z mo\u017cliwymi do wprowadzenia zmianami, kt\u00f3re umo\u017cliwi\u0105 Pa\u0144stwu dostosowanie nowego mieszkania do w\u0142asnych potrzeb.\" \/>\n<meta name=\"robots\" content=\"index, follow, max-snippet:-1, max-image-preview:large, max-video-preview:-1\" \/>\n<link rel=\"canonical\" href=\"https:\/\/mieszkaj.skanska.pl\/uk\/zmiany-lokatorskie\/\" \/>\n<meta property=\"og:locale\" content=\"uk_UA\" \/>\n<meta property=\"og:type\" content=\"article\" \/>\n<meta property=\"og:title\" content=\"Zmiany lokatorskie - Deweloper Skanska\" \/>\n<meta property=\"og:description\" content=\"Zapraszamy do zapoznania si\u0119 z mo\u017cliwymi do wprowadzenia zmianami, kt\u00f3re umo\u017cliwi\u0105 Pa\u0144stwu dostosowanie nowego mieszkania do w\u0142asnych potrzeb.\" \/>\n<meta property=\"og:url\" content=\"https:\/\/mieszkaj.skanska.pl\/uk\/zmiany-lokatorskie\/\" \/>\n<meta property=\"og:site_name\" content=\"Skanska\" \/>\n<meta property=\"article:modified_time\" content=\"2025-04-28T15:27:19+00:00\" \/>\n<meta name=\"twitter:card\" content=\"summary_large_image\" \/>\n<script type=\"application\/ld+json\" class=\"yoast-schema-graph\">{\"@context\":\"https:\/\/schema.org\",\"@graph\":[{\"@type\":\"WebPage\",\"@id\":\"https:\/\/mieszkaj.skanska.pl\/uk\/zmiany-lokatorskie\/\",\"url\":\"https:\/\/mieszkaj.skanska.pl\/uk\/zmiany-lokatorskie\/\",\"name\":\"Zmiany lokatorskie - Deweloper Skanska\",\"isPartOf\":{\"@id\":\"https:\/\/mieszkaj.skanska.pl\/#website\"},\"datePublished\":\"2021-03-11T13:36:08+00:00\",\"dateModified\":\"2025-04-28T15:27:19+00:00\",\"description\":\"Zapraszamy do zapoznania si\u0119 z mo\u017cliwymi do wprowadzenia zmianami, kt\u00f3re umo\u017cliwi\u0105 Pa\u0144stwu dostosowanie nowego mieszkania do w\u0142asnych potrzeb.\",\"breadcrumb\":{\"@id\":\"https:\/\/mieszkaj.skanska.pl\/uk\/zmiany-lokatorskie\/#breadcrumb\"},\"inLanguage\":\"uk\",\"potentialAction\":[{\"@type\":\"ReadAction\",\"target\":[\"https:\/\/mieszkaj.skanska.pl\/uk\/zmiany-lokatorskie\/\"]}]},{\"@type\":\"BreadcrumbList\",\"@id\":\"https:\/\/mieszkaj.skanska.pl\/uk\/zmiany-lokatorskie\/#breadcrumb\",\"itemListElement\":[{\"@type\":\"ListItem\",\"position\":1,\"name\":\"Home\",\"item\":\"https:\/\/mieszkaj.skanska.pl\/uk\/\"},{\"@type\":\"ListItem\",\"position\":2,\"name\":\"\u0417\u043c\u0456\u043d\u0438 \u0437\u0430 \u043f\u043e\u0431\u0430\u0436\u0430\u043d\u043d\u044f\u043c \u043c\u0435\u0448\u043a\u0430\u043d\u0446\u044f\"}]},{\"@type\":\"WebSite\",\"@id\":\"https:\/\/mieszkaj.skanska.pl\/#website\",\"url\":\"https:\/\/mieszkaj.skanska.pl\/\",\"name\":\"Skanska\",\"description\":\"skanska\",\"potentialAction\":[{\"@type\":\"SearchAction\",\"target\":{\"@type\":\"EntryPoint\",\"urlTemplate\":\"https:\/\/mieszkaj.skanska.pl\/?s={search_term_string}\"},\"query-input\":\"required name=search_term_string\"}],\"inLanguage\":\"uk\"}]}<\/script>\n<!-- \/ Yoast SEO plugin. -->","yoast_head_json":{"title":"Zmiany lokatorskie - Deweloper Skanska","description":"Zapraszamy do zapoznania si\u0119 z mo\u017cliwymi do wprowadzenia zmianami, kt\u00f3re umo\u017cliwi\u0105 Pa\u0144stwu dostosowanie nowego mieszkania do w\u0142asnych potrzeb.","robots":{"index":"index","follow":"follow","max-snippet":"max-snippet:-1","max-image-preview":"max-image-preview:large","max-video-preview":"max-video-preview:-1"},"canonical":"https:\/\/mieszkaj.skanska.pl\/uk\/zmiany-lokatorskie\/","og_locale":"uk_UA","og_type":"article","og_title":"Zmiany lokatorskie - Deweloper Skanska","og_description":"Zapraszamy do zapoznania si\u0119 z mo\u017cliwymi do wprowadzenia zmianami, kt\u00f3re umo\u017cliwi\u0105 Pa\u0144stwu dostosowanie nowego mieszkania do w\u0142asnych potrzeb.","og_url":"https:\/\/mieszkaj.skanska.pl\/uk\/zmiany-lokatorskie\/","og_site_name":"Skanska","article_modified_time":"2025-04-28T15:27:19+00:00","twitter_card":"summary_large_image","schema":{"@context":"https:\/\/schema.org","@graph":[{"@type":"WebPage","@id":"https:\/\/mieszkaj.skanska.pl\/uk\/zmiany-lokatorskie\/","url":"https:\/\/mieszkaj.skanska.pl\/uk\/zmiany-lokatorskie\/","name":"Zmiany lokatorskie - Deweloper Skanska","isPartOf":{"@id":"https:\/\/mieszkaj.skanska.pl\/#website"},"datePublished":"2021-03-11T13:36:08+00:00","dateModified":"2025-04-28T15:27:19+00:00","description":"Zapraszamy do zapoznania si\u0119 z mo\u017cliwymi do wprowadzenia zmianami, kt\u00f3re umo\u017cliwi\u0105 Pa\u0144stwu dostosowanie nowego mieszkania do w\u0142asnych potrzeb.","breadcrumb":{"@id":"https:\/\/mieszkaj.skanska.pl\/uk\/zmiany-lokatorskie\/#breadcrumb"},"inLanguage":"uk","potentialAction":[{"@type":"ReadAction","target":["https:\/\/mieszkaj.skanska.pl\/uk\/zmiany-lokatorskie\/"]}]},{"@type":"BreadcrumbList","@id":"https:\/\/mieszkaj.skanska.pl\/uk\/zmiany-lokatorskie\/#breadcrumb","itemListElement":[{"@type":"ListItem","position":1,"name":"Home","item":"https:\/\/mieszkaj.skanska.pl\/uk\/"},{"@type":"ListItem","position":2,"name":"\u0417\u043c\u0456\u043d\u0438 \u0437\u0430 \u043f\u043e\u0431\u0430\u0436\u0430\u043d\u043d\u044f\u043c \u043c\u0435\u0448\u043a\u0430\u043d\u0446\u044f"}]},{"@type":"WebSite","@id":"https:\/\/mieszkaj.skanska.pl\/#website","url":"https:\/\/mieszkaj.skanska.pl\/","name":"Skanska","description":"skanska","potentialAction":[{"@type":"SearchAction","target":{"@type":"EntryPoint","urlTemplate":"https:\/\/mieszkaj.skanska.pl\/?s={search_term_string}"},"query-input":"required name=search_term_string"}],"inLanguage":"uk"}]}},"_links":{"self":[{"href":"https:\/\/mieszkaj.skanska.pl\/uk\/wp-json\/wp\/v2\/pages\/60651"}],"collection":[{"href":"https:\/\/mieszkaj.skanska.pl\/uk\/wp-json\/wp\/v2\/pages"}],"about":[{"href":"https:\/\/mieszkaj.skanska.pl\/uk\/wp-json\/wp\/v2\/types\/page"}],"author":[{"embeddable":true,"href":"https:\/\/mieszkaj.skanska.pl\/uk\/wp-json\/wp\/v2\/users\/1"}],"replies":[{"embeddable":true,"href":"https:\/\/mieszkaj.skanska.pl\/uk\/wp-json\/wp\/v2\/comments?post=60651"}],"version-history":[{"count":2,"href":"https:\/\/mieszkaj.skanska.pl\/uk\/wp-json\/wp\/v2\/pages\/60651\/revisions"}],"predecessor-version":[{"id":60655,"href":"https:\/\/mieszkaj.skanska.pl\/uk\/wp-json\/wp\/v2\/pages\/60651\/revisions\/60655"}],"wp:attachment":[{"href":"https:\/\/mieszkaj.skanska.pl\/uk\/wp-json\/wp\/v2\/media?parent=60651"}],"curies":[{"name":"wp","href":"https:\/\/api.w.org\/{rel}","templated":true}]}}